{"id":1424,"date":"2025-06-24T00:05:16","date_gmt":"2025-06-24T05:05:16","guid":{"rendered":"https:\/\/cesalarquitectura.com\/?page_id=1424"},"modified":"2025-07-01T11:12:33","modified_gmt":"2025-07-01T16:12:33","slug":"eten-lindavista","status":"publish","type":"page","link":"https:\/\/cesalarquitectura.com\/en\/eten-lindavista\/","title":{"rendered":"Et\u00e9n Lindavista"},"content":{"rendered":"<div class=\"wp-block-stackable-columns alignfull stk-block-columns stk-block stk-bfdcc56 stk-block-background stk--has-background-overlay\" data-block-id=\"bfdcc56\"><style>.stk-bfdcc56 {background-image:url(https:\/\/cesalarquitectura.com\/wp-content\/uploads\/2025\/06\/19-eten.png) !important;padding-top:270px !important;padding-bottom:150px !important;margin-bottom:0px !important;}@media screen and (max-width:999px){.stk-bfdcc56 {padding-top:200px !important;padding-bottom:140px !important;}}@media screen and (max-width:689px){.stk-bfdcc56 {padding-top:170px !important;padding-bottom:100px !important;}}<\/style><div class=\"stk-row stk-inner-blocks has-text-align-center-mobile stk-block-content stk-content-align stk-bfdcc56-column\">\n<div class=\"wp-block-stackable-column stk-block-column stk-column stk-block stk-69e1cc9\" data-v=\"4\" data-block-id=\"69e1cc9\"><style>.stk-69e1cc9-container{margin-top:0px !important;margin-right:0px !important;margin-bottom:0px !important;margin-left:0px !important;}@media screen and (min-width:690px){.stk-69e1cc9 {flex:var(--stk-flex-grow, 1) 1 calc(70.7% - var(--stk-column-gap, 0px) * 1 \/ 2 ) !important;}}@media screen and (min-width:690px) and (max-width:999px){.stk-69e1cc9 {flex:var(--stk-flex-grow, 1) 1 75% !important;}}<\/style><div class=\"stk-column-wrapper stk-block-column__content stk-container stk-69e1cc9-container stk--no-background stk--no-padding\"><div class=\"stk-block-content stk-inner-blocks stk-69e1cc9-inner-blocks\">\n<div class=\"wp-block-stackable-heading stk-block-heading stk-block-heading--v2 stk-block stk-10c3cf1\" id=\"eten-lindavista\" data-block-id=\"10c3cf1\"><style>.stk-10c3cf1 {margin-bottom:10px !important;}.stk-10c3cf1 .stk-block-heading__text{font-size:35px !important;color:var(--theme-palette-color-8, #ffffff) !important;line-height:1.4em !important;}@media screen and (max-width:999px){.stk-10c3cf1 .stk-block-heading__text{font-size:35px !important;}}<\/style><h2 class=\"stk-block-heading__text has-text-color has-palette-color-8-color\">Et\u00e9n Lindavista<\/h2><\/div>\n\n\n\n<p>Lindavista, CDMX<\/p>\n\n\n\n<div class=\"wp-block-stackable-text stk-block-text stk-block stk-fb65d44\" data-block-id=\"fb65d44\"><style>.stk-fb65d44 {margin-bottom:35px !important;opacity:0.8 !important;}.stk-fb65d44 .stk-block-text__text{color:var(--theme-palette-color-8, #ffffff) !important;}<\/style><p class=\"stk-block-text__text has-text-color has-palette-color-8-color\">Alcances: Dise\u00f1o conceptual, anteproyecto y desarrollo de proyecto ejecutivo<\/p><\/div>\n\n\n\n<\/div><\/div><\/div>\n\n\n\n<div class=\"wp-block-stackable-column stk-block-column stk-column stk-block stk-49288dc\" data-v=\"4\" data-block-id=\"49288dc\"><style>.stk-49288dc-container{margin-top:0px !important;margin-right:0px !important;margin-bottom:0px !important;margin-left:0px !important;}@media screen and (min-width:690px){.stk-49288dc {flex:var(--stk-flex-grow, 1) 1 calc(29.299999999999997% - var(--stk-column-gap, 0px) * 1 \/ 2 ) !important;}}<\/style><div class=\"stk-column-wrapper stk-block-column__content stk-container stk-49288dc-container stk--no-background stk--no-padding\"><div class=\"stk-block-content stk-inner-blocks stk-49288dc-inner-blocks\"><\/div><\/div><\/div>\n<\/div><\/div>\n\n\n\n<div class=\"wp-block-stackable-spacer stk-block-spacer stk--no-padding stk-block stk-a8f7cff\" data-block-id=\"a8f7cff\"><style>.stk-a8f7cff {height:40px !important;}@media screen and (max-width:999px){.stk-a8f7cff {height:70px !important;}}<\/style><\/div>\n\n\n\n<p style=\"font-size:clamp(14px, 0.875rem + ((1vw - 3.2px) * 0.078), 15px);\">En la calle Et\u00e9n N\u00famero 562, se encuentra &#8216;Et\u00e9n Lindavista&#8217;, un proyecto de remodelaci\u00f3n que transforma un espacio existente en un conjunto residencial moderno y funcional. Con una superficie de 145 m\u00b2, este proyecto se compone de un solo edificio que alberga dos departamentos, dise\u00f1ados para ofrecer una experiencia de vida contempor\u00e1nea. \u200b<\/p>\n\n\n\n<p style=\"font-size:clamp(14px, 0.875rem + ((1vw - 3.2px) * 0.078), 15px);\">La remodelaci\u00f3n, un di\u00e1logo entre lo existente y lo nuevo, utiliza una estructura de concreto armado y perfiles de acero para reforzar la construcci\u00f3n original, garantizando la seguridad y la durabilidad del edificio. Los dos departamentos, distribuidos en tres niveles, ofrecen espacios amplios y luminosos, dise\u00f1ados para maximizar el confort y la funcionalidad. \u200b<\/p>\n\n\n\n<p style=\"font-size:clamp(14px, 0.875rem + ((1vw - 3.2px) * 0.078), 15px);\">El primer departamento, un d\u00faplex de 218 m\u00b2, se despliega en planta baja y primer nivel. La doble altura de la sala y el comedor crea un ambiente de amplitud y luminosidad. La cocina, la alacena, el family room, el patio con asador y el cuarto de servicio, se integran armoniosamente en la planta baja. En el primer nivel, dos rec\u00e1maras con ba\u00f1o y vestidor, y balcones privados, ofrecen espacios \u00edntimos y confortables.<\/p>\n\n\n\n<p class=\"has-medium-font-size\"><\/p>\n\n\n<style>#jtg-1427 .modula-item .jtg-social a, .lightbox-socials.jtg-social a{ fill: #ffffff; color: #ffffff }#jtg-1427 .modula-item .jtg-social-expandable a, #jtg-1427 .modula-item .jtg-social-expandable-icons a{ fill: #ffffff; color: #ffffff }#jtg-1427 .modula-item .jtg-social svg, .lightbox-socials.jtg-social svg { height: 16px; width: 16px }#jtg-1427 .modula-item .jtg-social-expandable svg { height: 16px; width: 16px }#jtg-1427 .modula-item .jtg-social-expandable-icons svg { height: 16px; width: 16px }#jtg-1427 .modula-item .jtg-social a:not(:last-child), .lightbox-socials.jtg-social a:not(:last-child) { margin-right: 10px }#jtg-1427 .modula-item .jtg-social-expandable-icons { gap: 10px }#jtg-1427 .modula-item .figc {color:#ffffff;}#jtg-1427 .modula-item .modula-item-content { transform: scale(1); }#jtg-1427 { width:100%;}#jtg-1427 .modula-items{height:800px;}@media screen and (max-width: 992px) {#jtg-1427 .modula-items{height:800px;}}@media screen and (max-width: 768px) {#jtg-1427 .modula-items{height:800px;}}#jtg-1427 .modula-items .figc p.description { font-size:14px; }#jtg-1427 .modula-items .figc p.description { color:#ffffff;}#jtg-1427.modula-gallery .modula-item > a, #jtg-1427.modula-gallery .modula-item, #jtg-1427.modula-gallery .modula-item-content > a:not(.modula-no-follow) { cursor:zoom-in; } #jtg-1427.modula-gallery .modula-item-content .modula-no-follow { cursor: default; } @media screen and (max-width:480px){#jtg-1427 .modula-item .figc .jtg-title {  font-size: 12px; }#jtg-1427 .modula-items .figc p.description { color:#ffffff;font-size:10px; }}#jtg-1427 .modula-items .modula-item:hover img{opacity:1;}<\/style>\n<div  id=\"jtg-1427\" class=\"modula modula-gallery modula-creative-gallery\" data-config=\"{&quot;height&quot;:800,&quot;tabletHeight&quot;:800,&quot;mobileHeight&quot;:800,&quot;desktopHeight&quot;:800,&quot;enableTwitter&quot;:false,&quot;enableWhatsapp&quot;:false,&quot;enableFacebook&quot;:false,&quot;enablePinterest&quot;:false,&quot;enableLinkedin&quot;:false,&quot;enableEmail&quot;:false,&quot;randomFactor&quot;:0,&quot;type&quot;:&quot;creative-gallery&quot;,&quot;columns&quot;:12,&quot;gutter&quot;:20,&quot;mobileGutter&quot;:10,&quot;tabletGutter&quot;:20,&quot;desktopGutter&quot;:20,&quot;enableResponsive&quot;:&quot;0&quot;,&quot;tabletColumns&quot;:2,&quot;mobileColumns&quot;:1,&quot;lazyLoad&quot;:0,&quot;lightboxOpts&quot;:{&quot;animated&quot;:true,&quot;Thumbs&quot;:{&quot;type&quot;:&quot;modern&quot;,&quot;showOnStart&quot;:false},&quot;Toolbar&quot;:{&quot;display&quot;:{&quot;right&quot;:[&quot;close&quot;]},&quot;enabled&quot;:true},&quot;Carousel&quot;:{&quot;Panzoom&quot;:{&quot;touch&quot;:false},&quot;infinite&quot;:false},&quot;keyboard&quot;:{&quot;Escape&quot;:&quot;close&quot;,&quot;Delete&quot;:&quot;close&quot;,&quot;Backspace&quot;:&quot;close&quot;,&quot;PageUp&quot;:false,&quot;PageDown&quot;:false,&quot;ArrowUp&quot;:false,&quot;ArrowDown&quot;:false,&quot;ArrowRight&quot;:false,&quot;ArrowLeft&quot;:false},&quot;touch&quot;:false,&quot;backdropClick&quot;:false,&quot;l10n&quot;:{&quot;CLOSE&quot;:&quot;Close&quot;,&quot;NEXT&quot;:&quot;Next&quot;,&quot;PREV&quot;:&quot;Previous&quot;,&quot;Error&quot;:&quot;The requested content cannot be loaded. Please try again later.&quot;,&quot;PLAY_START&quot;:&quot;Start slideshow&quot;,&quot;PLAY_STOP&quot;:&quot;Pause slideshow&quot;,&quot;FULL_SCREEN&quot;:&quot;Full screen&quot;,&quot;THUMBS&quot;:&quot;Thumbnails&quot;,&quot;DOWNLOAD&quot;:&quot;Download&quot;,&quot;SHARE&quot;:&quot;Share&quot;,&quot;ZOOM&quot;:&quot;Zoom&quot;,&quot;EMAIL&quot;:&quot;Here is the link to the image : %%image_link%% and this is the link to the gallery : %%gallery_link%%&quot;,&quot;MODAL&quot;:&quot;You can close this modal content with the ESC key&quot;,&quot;ERROR&quot;:&quot;Something Went Wrong, Please Try Again Later&quot;,&quot;IMAGE_ERROR&quot;:&quot;Image Not Found&quot;,&quot;ELEMENT_NOT_FOUND&quot;:&quot;HTML Element Not Found&quot;,&quot;AJAX_NOT_FOUND&quot;:&quot;Error Loading AJAX : Not Found&quot;,&quot;AJAX_FORBIDDEN&quot;:&quot;Error Loading AJAX : Forbidden&quot;,&quot;IFRAME_ERROR&quot;:&quot;Error Loading Page&quot;,&quot;TOGGLE_ZOOM&quot;:&quot;Toggle zoom level&quot;,&quot;TOGGLE_THUMBS&quot;:&quot;Toggle thumbnails&quot;,&quot;TOGGLE_SLIDESHOW&quot;:&quot;Toggle slideshow&quot;,&quot;TOGGLE_FULLSCREEN&quot;:&quot;Toggle full-screen mode&quot;},&quot;Images&quot;:{&quot;Panzoom&quot;:{&quot;maxScale&quot;:2}},&quot;mainClass&quot;:&quot;modula-fancybox-container modula-lightbox-jtg-1427&quot;,&quot;Html&quot;:{&quot;videoAutoplay&quot;:0,&quot;videoTpl&quot;:&quot;&lt;video class=\\&quot;fancybox__html5video\\&quot; controls muted playsinline controlsList controlsList=\\&quot;nodownload\\&quot; poster=\\&quot;{{poster}}\\&quot; src=\\&quot;{{src}}\\&quot; type=\\&quot;{{format}}\\&quot; &gt;  Sorry, your browser doesn&#039;t support embedded videos, &lt;a href=\\&quot;{{src}}\\&quot;&gt; download &lt;\\\/a&gt; and watch with your favorite video player! &lt;\\\/video&gt;&quot;}},&quot;inView&quot;:false,&quot;email_subject&quot;:&quot;Check out this awesome image !!&quot;,&quot;email_message&quot;:&quot;Here is the link to the image : %%image_link%% and this is the link to the gallery : %%gallery_link%%&quot;,&quot;lightbox&quot;:&quot;fancybox&quot;}\">\n\n\t\n\t<div  class=\"modula-items\">\n\t\t<div class=\"modula-item\" >\n\t<div class=\"modula-item-content\">\n\t\t\n\t\t\t\t\t<a data-image-id=\"1428\" role=\"button\" tabindex=\"0\" rel=\"jtg-1427\" data-caption=\"\" aria-label=\"Open image in lightbox\" class=\"tile-inner modula-item-link\"><\/a>\n\t\t\n\t\t<img loading=\"lazy\" decoding=\"async\" class=\"pic wp-image-1428\"  data-valign=\"middle\" data-halign=\"center\" alt=\"\" data-full=\"https:\/\/cesalarquitectura.com\/wp-content\/uploads\/2025\/06\/Imagen18.jpg\" title=\"Imagen18\" width=\"1024\" height=\"501\" src=\"https:\/\/cesalarquitectura.com\/wp-content\/uploads\/2025\/06\/Imagen18-1024x501.jpg\" data-src=\"https:\/\/cesalarquitectura.com\/wp-content\/uploads\/2025\/06\/Imagen18-1024x501.jpg\" data-caption=\"\" srcset=\"https:\/\/cesalarquitectura.com\/wp-content\/uploads\/2025\/06\/Imagen18.jpg 1799w, https:\/\/cesalarquitectura.com\/wp-content\/uploads\/2025\/06\/Imagen18-300x147.jpg 300w, https:\/\/cesalarquitectura.com\/wp-content\/uploads\/2025\/06\/Imagen18-1024x501.jpg 1024w, https:\/\/cesalarquitectura.com\/wp-content\/uploads\/2025\/06\/Imagen18-768x376.jpg 768w, https:\/\/cesalarquitectura.com\/wp-content\/uploads\/2025\/06\/Imagen18-1536x752.jpg 1536w\" sizes=\"auto, (max-width: 1024px) 100vw, 1024px\" \/>\n\t<\/div>\n\n<\/div><div class=\"modula-item\" >\n\t<div class=\"modula-item-content\">\n\t\t\n\t\t\t\t\t<a data-image-id=\"1429\" role=\"button\" tabindex=\"0\" rel=\"jtg-1427\" data-caption=\"\" aria-label=\"Open image in lightbox\" class=\"tile-inner modula-item-link\"><\/a>\n\t\t\n\t\t<img loading=\"lazy\" decoding=\"async\" class=\"pic wp-image-1429\"  data-valign=\"middle\" data-halign=\"center\" alt=\"\" data-full=\"https:\/\/cesalarquitectura.com\/wp-content\/uploads\/2025\/06\/Imagen19.jpg\" title=\"Imagen19\" width=\"1024\" height=\"501\" src=\"https:\/\/cesalarquitectura.com\/wp-content\/uploads\/2025\/06\/Imagen19-1024x501.jpg\" data-src=\"https:\/\/cesalarquitectura.com\/wp-content\/uploads\/2025\/06\/Imagen19-1024x501.jpg\" data-caption=\"\" srcset=\"https:\/\/cesalarquitectura.com\/wp-content\/uploads\/2025\/06\/Imagen19.jpg 1800w, https:\/\/cesalarquitectura.com\/wp-content\/uploads\/2025\/06\/Imagen19-300x147.jpg 300w, https:\/\/cesalarquitectura.com\/wp-content\/uploads\/2025\/06\/Imagen19-1024x501.jpg 1024w, https:\/\/cesalarquitectura.com\/wp-content\/uploads\/2025\/06\/Imagen19-768x376.jpg 768w, https:\/\/cesalarquitectura.com\/wp-content\/uploads\/2025\/06\/Imagen19-1536x752.jpg 1536w\" sizes=\"auto, (max-width: 1024px) 100vw, 1024px\" \/>\n\t<\/div>\n\n<\/div><div class=\"modula-item\" >\n\t<div class=\"modula-item-content\">\n\t\t\n\t\t\t\t\t<a data-image-id=\"1430\" role=\"button\" tabindex=\"0\" rel=\"jtg-1427\" data-caption=\"\" aria-label=\"Open image in lightbox\" class=\"tile-inner modula-item-link\"><\/a>\n\t\t\n\t\t<img loading=\"lazy\" decoding=\"async\" class=\"pic wp-image-1430\"  data-valign=\"middle\" data-halign=\"center\" alt=\"\" data-full=\"https:\/\/cesalarquitectura.com\/wp-content\/uploads\/2025\/06\/Imagen20.jpg\" title=\"Imagen20\" width=\"534\" height=\"1024\" src=\"https:\/\/cesalarquitectura.com\/wp-content\/uploads\/2025\/06\/Imagen20-534x1024.jpg\" data-src=\"https:\/\/cesalarquitectura.com\/wp-content\/uploads\/2025\/06\/Imagen20-534x1024.jpg\" data-caption=\"\" srcset=\"https:\/\/cesalarquitectura.com\/wp-content\/uploads\/2025\/06\/Imagen20.jpg 977w, https:\/\/cesalarquitectura.com\/wp-content\/uploads\/2025\/06\/Imagen20-156x300.jpg 156w, https:\/\/cesalarquitectura.com\/wp-content\/uploads\/2025\/06\/Imagen20-534x1024.jpg 534w, https:\/\/cesalarquitectura.com\/wp-content\/uploads\/2025\/06\/Imagen20-768x1474.jpg 768w, https:\/\/cesalarquitectura.com\/wp-content\/uploads\/2025\/06\/Imagen20-800x1536.jpg 800w\" sizes=\"auto, (max-width: 534px) 100vw, 534px\" \/>\n\t<\/div>\n\n<\/div><div class=\"modula-item\" >\n\t<div class=\"modula-item-content\">\n\t\t\n\t\t\t\t\t<a data-image-id=\"1431\" role=\"button\" tabindex=\"0\" rel=\"jtg-1427\" data-caption=\"\" aria-label=\"Open image in lightbox\" class=\"tile-inner modula-item-link\"><\/a>\n\t\t\n\t\t<img loading=\"lazy\" decoding=\"async\" class=\"pic wp-image-1431\"  data-valign=\"middle\" data-halign=\"center\" alt=\"\" data-full=\"https:\/\/cesalarquitectura.com\/wp-content\/uploads\/2025\/06\/Imagen21.jpg\" title=\"Imagen21\" width=\"576\" height=\"1024\" src=\"https:\/\/cesalarquitectura.com\/wp-content\/uploads\/2025\/06\/Imagen21-576x1024.jpg\" data-src=\"https:\/\/cesalarquitectura.com\/wp-content\/uploads\/2025\/06\/Imagen21-576x1024.jpg\" data-caption=\"\" srcset=\"https:\/\/cesalarquitectura.com\/wp-content\/uploads\/2025\/06\/Imagen21.jpg 1112w, https:\/\/cesalarquitectura.com\/wp-content\/uploads\/2025\/06\/Imagen21-169x300.jpg 169w, https:\/\/cesalarquitectura.com\/wp-content\/uploads\/2025\/06\/Imagen21-576x1024.jpg 576w, https:\/\/cesalarquitectura.com\/wp-content\/uploads\/2025\/06\/Imagen21-768x1365.jpg 768w, https:\/\/cesalarquitectura.com\/wp-content\/uploads\/2025\/06\/Imagen21-864x1536.jpg 864w\" sizes=\"auto, (max-width: 576px) 100vw, 576px\" \/>\n\t<\/div>\n\n<\/div><div class=\"modula-item\" >\n\t<div class=\"modula-item-content\">\n\t\t\n\t\t\t\t\t<a data-image-id=\"1432\" role=\"button\" tabindex=\"0\" rel=\"jtg-1427\" data-caption=\"\" aria-label=\"Open image in lightbox\" class=\"tile-inner modula-item-link\"><\/a>\n\t\t\n\t\t<img loading=\"lazy\" decoding=\"async\" class=\"pic wp-image-1432\"  data-valign=\"middle\" data-halign=\"center\" alt=\"\" data-full=\"https:\/\/cesalarquitectura.com\/wp-content\/uploads\/2025\/06\/Imagen22-1.jpg\" title=\"Imagen22\" width=\"562\" height=\"1024\" src=\"https:\/\/cesalarquitectura.com\/wp-content\/uploads\/2025\/06\/Imagen22-1-562x1024.jpg\" data-src=\"https:\/\/cesalarquitectura.com\/wp-content\/uploads\/2025\/06\/Imagen22-1-562x1024.jpg\" data-caption=\"\" srcset=\"https:\/\/cesalarquitectura.com\/wp-content\/uploads\/2025\/06\/Imagen22-1.jpg 1083w, https:\/\/cesalarquitectura.com\/wp-content\/uploads\/2025\/06\/Imagen22-1-165x300.jpg 165w, https:\/\/cesalarquitectura.com\/wp-content\/uploads\/2025\/06\/Imagen22-1-562x1024.jpg 562w, https:\/\/cesalarquitectura.com\/wp-content\/uploads\/2025\/06\/Imagen22-1-768x1401.jpg 768w, https:\/\/cesalarquitectura.com\/wp-content\/uploads\/2025\/06\/Imagen22-1-842x1536.jpg 842w\" sizes=\"auto, (max-width: 562px) 100vw, 562px\" \/>\n\t<\/div>\n\n<\/div>\t\t\n\t<\/div>\n\n\t\n\t\n\t<script type=\"application\/ld+json\">\n\t{\n\t\t\"@context\": \"http:\/\/schema.org\",\n\t\t\"@type\"   : \"ImageGallery\",\n\t\t\"id\"      : \"https:\/\/cesalarquitectura.com\/en\/eten-lindavista\/\",\n\t\t\"url\"     : \"https:\/\/cesalarquitectura.com\/en\/eten-lindavista\/\"\n\t}\n\n\t<\/script>\n\n\t\n<\/div>\n\n\n\n<div class=\"wp-block-stackable-spacer stk-block-spacer stk--no-padding stk-block stk-86e49e9\" data-block-id=\"86e49e9\"><style>.stk-86e49e9 {height:40px !important;}@media screen and (max-width:999px){.stk-86e49e9 {height:70px !important;}}<\/style><\/div>","protected":false},"excerpt":{"rendered":"<p>Et\u00e9n Lindavista Lindavista, CDMX Alcances: Dise\u00f1o conceptual, anteproyecto y desarrollo de proyecto ejecutivo En la calle Et\u00e9n N\u00famero 562, se encuentra &#8216;Et\u00e9n Lindavista&#8217;, un proyecto de remodelaci\u00f3n que transforma un espacio existente en un conjunto residencial moderno y funcional. Con una superficie de 145 m\u00b2, este proyecto se compone de un solo edificio que alberga [&hellip;]<\/p>","protected":false},"author":1,"featured_media":0,"parent":0,"menu_order":0,"comment_status":"closed","ping_status":"closed","template":"","meta":{"footnotes":""},"class_list":["post-1424","page","type-page","status-publish","hentry"],"blocksy_meta":{"page_title_panel":"","has_hero_section":"disabled","b82da71c36c2bf13d1ba44853ce9ae4f":"","hero_section":"type-1","hero_elements":[{"id":"custom_title","enabled":true,"heading_tag":"h1","title":"Home"},{"id":"custom_description","enabled":true,"description_visibility":{"desktop":true,"tablet":true,"mobile":false}},{"id":"custom_meta","enabled":false,"meta_elements":[{"id":"author","enabled":true,"label":"By","has_author_avatar":"yes","avatar_size":25},{"id":"post_date","enabled":true,"label":"On","date_format_source":"default","date_format":"M j, Y"},{"id":"updated_date","enabled":false,"label":"On","date_format_source":"default","date_format":"M j, Y"},{"id":"categories","enabled":false,"label":"In","style":"simple"},{"id":"comments","enabled":true}],"page_meta_elements":{"joined":true,"articles_count":true,"comments":true}},{"id":"breadcrumbs","enabled":false}],"980b41077093c8c156356697a008eee2":"","hero_alignment1":"CT_CSS_SKIP_RULE","hero_margin":40,"hero_alignment2":"center","hero_vertical_alignment":"center","0d897591070526a3b38ab6081cd5438e":"","hero_structure":"narrow","5180fee15505bdb5430fb66e9de0dde9":"","page_title_bg_type":"featured_image","custom_hero_background":{"attachment_id":null},"page_title_image_size":"full","parallax":{"desktop":false,"tablet":false,"mobile":false},"604952a34aabc2c407db8cfddcde6428":"","hero_height":"250px","pageTitleFont":{"family":"Default","variation":"Default","size":"30px","line-height":"CT_CSS_SKIP_RULE","letter-spacing":"CT_CSS_SKIP_RULE","text-transform":"CT_CSS_SKIP_RULE","text-decoration":"CT_CSS_SKIP_RULE"},"pageTitleFontColor":{"default":{"color":"CT_CSS_SKIP_RULEDEFAULT"}},"pageMetaFont":{"family":"Default","variation":"n6","size":"12px","line-height":"1.3","letter-spacing":"CT_CSS_SKIP_RULE","text-transform":"uppercase","text-decoration":"CT_CSS_SKIP_RULE"},"pageMetaFontColor":{"default":{"color":"CT_CSS_SKIP_RULEDEFAULT"},"hover":{"color":"CT_CSS_SKIP_RULEDEFAULT"}},"page_meta_button_type_font_colors":{"default":{"color":"CT_CSS_SKIP_RULEDEFAULT"},"hover":{"color":"CT_CSS_SKIP_RULEDEFAULT"}},"page_meta_button_type_background_colors":{"default":{"color":"CT_CSS_SKIP_RULEDEFAULT"},"hover":{"color":"CT_CSS_SKIP_RULEDEFAULT"}},"pageExcerptFont":{"family":"Default","variation":"Default","size":"CT_CSS_SKIP_RULE","line-height":"CT_CSS_SKIP_RULE","letter-spacing":"CT_CSS_SKIP_RULE","text-transform":"CT_CSS_SKIP_RULE","text-decoration":"CT_CSS_SKIP_RULE"},"pageExcerptColor":{"default":{"color":"CT_CSS_SKIP_RULEDEFAULT"}},"breadcrumbsFont":{"family":"Default","variation":"Default","size":"CT_CSS_SKIP_RULE","line-height":"CT_CSS_SKIP_RULE","letter-spacing":"CT_CSS_SKIP_RULE","text-transform":"CT_CSS_SKIP_RULE","text-decoration":"CT_CSS_SKIP_RULE"},"breadcrumbsFontColor":{"default":{"color":"CT_CSS_SKIP_RULEDEFAULT"},"initial":{"color":"CT_CSS_SKIP_RULEDEFAULT"},"hover":{"color":"CT_CSS_SKIP_RULEDEFAULT"}},"pageTitleOverlay":{"background_type":"color","background_pattern":"type-1","background_image":{"attachment_id":null,"x":0,"y":0},"gradient":"linear-gradient(135deg,rgba(6,147,227,1) 0%,rgb(155,81,224) 100%)","background_repeat":"repeat","background_size":"auto","background_attachment":"scroll","patternColor":{"default":{"color":"#e5e7ea"}},"overlayColor":{"default":{"color":"CT_CSS_SKIP_RULE"}},"backgroundColor":{"default":{"color":"CT_CSS_SKIP_RULE"}}},"pageTitleBackground":{"background_type":"color","background_pattern":"type-1","background_image":{"attachment_id":null,"x":0,"y":0},"gradient":"linear-gradient(135deg,rgba(6,147,227,1) 0%,rgb(155,81,224) 100%)","background_repeat":"repeat","background_size":"auto","background_attachment":"scroll","patternColor":{"default":{"color":"#e5e7ea"}},"overlayColor":{"default":{"color":"CT_CSS_SKIP_RULE"}},"backgroundColor":{"default":{"color":"var(--theme-palette-color-6)"}}},"pageTitlePadding":{"top":"50px","bottom":"50px","left":"auto","right":"auto","linked":true},"aa8f602cffb377206a8cccc48a43dd92":"","page_structure_type":"default","9bae1d45eda9a9ec6aa0cdfbe023c3f5":"","content_style_source":"inherit","content_style":"wide","vertical_spacing_source":"custom","content_area_spacing":"none","background":{"background_type":"color","background_pattern":"type-1","background_image":{"attachment_id":null,"x":0,"y":0},"gradient":"linear-gradient(135deg,rgba(6,147,227,1) 0%,rgb(155,81,224) 100%)","background_repeat":"repeat","background_size":"auto","background_attachment":"scroll","patternColor":{"default":{"color":"#e5e7ea"}},"overlayColor":{"default":{"color":"CT_CSS_SKIP_RULE"}},"backgroundColor":{"default":{"color":"CT_CSS_SKIP_RULE"}}},"content_background":{"background_type":"color","background_pattern":"type-1","background_image":{"attachment_id":null,"x":0,"y":0},"gradient":"linear-gradient(135deg,rgba(6,147,227,1) 0%,rgb(155,81,224) 100%)","background_repeat":"repeat","background_size":"auto","background_attachment":"scroll","patternColor":{"default":{"color":"#e5e7ea"}},"overlayColor":{"default":{"color":"CT_CSS_SKIP_RULE"}},"backgroundColor":{"default":{"color":"var(--theme-palette-color-8)"}}},"content_boxed_shadow":{"inherit":false,"blur":18,"spread":-6,"v_offset":12,"h_offset":0,"inset":false,"enable":true,"color":{"color":"rgba(34, 56, 101, 0.04)"}},"content_boxed_border":{"width":1,"style":"none","color":{"color":"rgba(44,62,80,0.2)"}},"content_boxed_radius":{"top":"3px","bottom":"3px","left":"3px","right":"3px","linked":true},"boxed_content_spacing":{"desktop":{"top":"40px","bottom":"40px","left":"40px","right":"40px","linked":true},"tablet":{"top":"35px","bottom":"35px","left":"35px","right":"35px","linked":true},"mobile":{"top":"20px","bottom":"20px","left":"20px","right":"20px","linked":true}},"ff8a7de03a9dead2fdffdacf28a592bc":"","disable_featured_image":"no","disable_share_box":"no","disable_header":"no","disable_footer":"no","styles_descriptor":{"styles":{"desktop":"","tablet":"","mobile":""},"google_fonts":[],"version":6}},"_links":{"self":[{"href":"https:\/\/cesalarquitectura.com\/en\/wp-json\/wp\/v2\/pages\/1424","targetHints":{"allow":["GET"]}}],"collection":[{"href":"https:\/\/cesalarquitectura.com\/en\/wp-json\/wp\/v2\/pages"}],"about":[{"href":"https:\/\/cesalarquitectura.com\/en\/wp-json\/wp\/v2\/types\/page"}],"author":[{"embeddable":true,"href":"https:\/\/cesalarquitectura.com\/en\/wp-json\/wp\/v2\/users\/1"}],"replies":[{"embeddable":true,"href":"https:\/\/cesalarquitectura.com\/en\/wp-json\/wp\/v2\/comments?post=1424"}],"version-history":[{"count":4,"href":"https:\/\/cesalarquitectura.com\/en\/wp-json\/wp\/v2\/pages\/1424\/revisions"}],"predecessor-version":[{"id":1751,"href":"https:\/\/cesalarquitectura.com\/en\/wp-json\/wp\/v2\/pages\/1424\/revisions\/1751"}],"wp:attachment":[{"href":"https:\/\/cesalarquitectura.com\/en\/wp-json\/wp\/v2\/media?parent=1424"}],"curies":[{"name":"wp","href":"https:\/\/api.w.org\/{rel}","templated":true}]}}