{"id":1565,"date":"2025-06-26T00:06:40","date_gmt":"2025-06-26T05:06:40","guid":{"rendered":"https:\/\/cesalarquitectura.com\/?page_id=1565"},"modified":"2025-07-01T11:13:25","modified_gmt":"2025-07-01T16:13:25","slug":"indohacienda","status":"publish","type":"page","link":"https:\/\/cesalarquitectura.com\/en\/indohacienda\/","title":{"rendered":"Indohacienda"},"content":{"rendered":"<div class=\"wp-block-stackable-columns alignfull stk-block-columns stk-block stk-bfdcc56 stk-block-background stk--has-background-overlay\" data-block-id=\"bfdcc56\"><style>.stk-bfdcc56 {background-image:url(https:\/\/cesalarquitectura.com\/wp-content\/uploads\/2025\/06\/26-INDOHACIENDA.png) !important;padding-top:270px !important;padding-bottom:150px !important;margin-bottom:0px !important;}@media screen and (max-width:999px){.stk-bfdcc56 {padding-top:200px !important;padding-bottom:140px !important;}}@media screen and (max-width:689px){.stk-bfdcc56 {padding-top:170px !important;padding-bottom:100px !important;}}<\/style><div class=\"stk-row stk-inner-blocks has-text-align-center-mobile stk-block-content stk-content-align stk-bfdcc56-column\">\n<div class=\"wp-block-stackable-column stk-block-column stk-column stk-block stk-69e1cc9\" data-v=\"4\" data-block-id=\"69e1cc9\"><style>.stk-69e1cc9-container{margin-top:0px !important;margin-right:0px !important;margin-bottom:0px !important;margin-left:0px !important;}@media screen and (min-width:690px){.stk-69e1cc9 {flex:var(--stk-flex-grow, 1) 1 calc(70.7% - var(--stk-column-gap, 0px) * 1 \/ 2 ) !important;}}@media screen and (min-width:690px) and (max-width:999px){.stk-69e1cc9 {flex:var(--stk-flex-grow, 1) 1 75% !important;}}<\/style><div class=\"stk-column-wrapper stk-block-column__content stk-container stk-69e1cc9-container stk--no-background stk--no-padding\"><div class=\"stk-block-content stk-inner-blocks stk-69e1cc9-inner-blocks\">\n<div class=\"wp-block-stackable-heading stk-block-heading stk-block-heading--v2 stk-block stk-10c3cf1\" id=\"indohacienda\" data-block-id=\"10c3cf1\"><style>.stk-10c3cf1 {margin-bottom:10px !important;}.stk-10c3cf1 .stk-block-heading__text{font-size:35px !important;color:var(--theme-palette-color-8, #ffffff) !important;line-height:1.4em !important;}@media screen and (max-width:999px){.stk-10c3cf1 .stk-block-heading__text{font-size:35px !important;}}<\/style><h2 class=\"stk-block-heading__text has-text-color has-palette-color-8-color\">Indohacienda<\/h2><\/div>\n\n\n\n<p>Bukkt Munggu, Indonesia<\/p>\n\n\n\n<div class=\"wp-block-stackable-text stk-block-text stk-block stk-fb65d44\" data-block-id=\"fb65d44\"><style>.stk-fb65d44 {margin-bottom:35px !important;opacity:0.8 !important;}.stk-fb65d44 .stk-block-text__text{color:var(--theme-palette-color-8, #ffffff) !important;}<\/style><p class=\"stk-block-text__text has-text-color has-palette-color-8-color\">Alcances: Dise\u00f1o conceptual y anteproyecto<\/p><\/div>\n\n\n\n<\/div><\/div><\/div>\n\n\n\n<div class=\"wp-block-stackable-column stk-block-column stk-column stk-block stk-49288dc\" data-v=\"4\" data-block-id=\"49288dc\"><style>.stk-49288dc-container{margin-top:0px !important;margin-right:0px !important;margin-bottom:0px !important;margin-left:0px !important;}@media screen and (min-width:690px){.stk-49288dc {flex:var(--stk-flex-grow, 1) 1 calc(29.299999999999997% - var(--stk-column-gap, 0px) * 1 \/ 2 ) !important;}}<\/style><div class=\"stk-column-wrapper stk-block-column__content stk-container stk-49288dc-container stk--no-background stk--no-padding\"><div class=\"stk-block-content stk-inner-blocks stk-49288dc-inner-blocks\"><\/div><\/div><\/div>\n<\/div><\/div>\n\n\n\n<div class=\"wp-block-stackable-spacer stk-block-spacer stk--no-padding stk-block stk-a8f7cff\" data-block-id=\"a8f7cff\"><style>.stk-a8f7cff {height:40px !important;}@media screen and (max-width:999px){.stk-a8f7cff {height:70px !important;}}<\/style><\/div>\n\n\n\n<p style=\"font-size:clamp(14px, 0.875rem + ((1vw - 3.2px) * 0.078), 15px);\">La planta arquitect\u00f3nica presenta un espacio que combina \u00e1reas interiores habitacionales con un entorno exterior dise\u00f1ado para el esparcimiento. El elemento principal es una alberca de forma org\u00e1nica ubicada en el extremo derecho, rodeada por una amplia plataforma tipo deck que conecta distintas zonas del conjunto. Este espacio est\u00e1 delimitado por vegetaci\u00f3n, lo que contribuye a una integraci\u00f3n con el entorno natural.<\/p>\n\n\n\n<p style=\"font-size:clamp(14px, 0.875rem + ((1vw - 3.2px) * 0.078), 15px);\">Hacia la parte izquierda se desarrolla la edificaci\u00f3n principal, con una distribuci\u00f3n en un solo nivel. Se identifican claramente espacios definidos para cocina, comedor, sala y una rec\u00e1mara con ba\u00f1o completo. En el n\u00facleo del volumen hay una circulaci\u00f3n vertical, posiblemente una escalera, que indica conexi\u00f3n con otro nivel o acceso principal.<\/p>\n\n\n\n<p style=\"font-size:clamp(14px, 0.875rem + ((1vw - 3.2px) * 0.078), 15px);\">El \u00e1rea exterior incluye andadores que conectan la edificaci\u00f3n con la zona de alberca y con otros puntos funcionales del conjunto, como un peque\u00f1o m\u00f3dulo de servicios ubicado en el extremo superior derecho. La vegetaci\u00f3n aparece como un elemento recurrente, tanto en el per\u00edmetro como dentro del propio dise\u00f1o, integrando sombra, privacidad y car\u00e1cter paisaj\u00edstico.<\/p>\n\n\n\n<p style=\"font-size:clamp(14px, 0.875rem + ((1vw - 3.2px) * 0.078), 15px);\">En conjunto, la planta propone una relaci\u00f3n fluida entre interior y exterior, priorizando la conexi\u00f3n con el entorno natural y la funcionalidad de los espacios.<\/p>\n\n\n\n<p style=\"font-size:clamp(14px, 0.875rem + ((1vw - 3.2px) * 0.078), 15px);\">integrado a un entorno exterior que privilegia la apertura visual y la conexi\u00f3n con la naturaleza. El dise\u00f1o est\u00e1 centrado en tres rec\u00e1maras distribuidas de manera lineal: una rec\u00e1mara principal de mayores dimensiones al extremo izquierdo, y dos rec\u00e1maras secundarias sim\u00e9tricas en el centro y derecha de la planta.<\/p>\n\n\n\n<p style=\"font-size:clamp(14px, 0.875rem + ((1vw - 3.2px) * 0.078), 15px);\">Cada rec\u00e1mara cuenta con ba\u00f1o completo, incluyendo \u00e1reas independientes para regadera, WC y lavabo. En el caso de la rec\u00e1mara principal, adem\u00e1s se incorpora un vestidor, \u00e1rea de tocador, tina exterior y una conexi\u00f3n directa con un espacio de sauna y zona de hidromasaje.<\/p>\n\n\n<style>#jtg-1561 .modula-item .jtg-social a, .lightbox-socials.jtg-social a{ fill: #ffffff; color: #ffffff }#jtg-1561 .modula-item .jtg-social-expandable a, #jtg-1561 .modula-item .jtg-social-expandable-icons a{ fill: #ffffff; color: #ffffff }#jtg-1561 .modula-item .jtg-social svg, .lightbox-socials.jtg-social svg { height: 16px; width: 16px }#jtg-1561 .modula-item .jtg-social-expandable svg { height: 16px; width: 16px }#jtg-1561 .modula-item .jtg-social-expandable-icons svg { height: 16px; width: 16px }#jtg-1561 .modula-item .jtg-social a:not(:last-child), .lightbox-socials.jtg-social a:not(:last-child) { margin-right: 10px }#jtg-1561 .modula-item .jtg-social-expandable-icons { gap: 10px }#jtg-1561 .modula-item .figc {color:#ffffff;}#jtg-1561 .modula-item .modula-item-content { transform: scale(1); }#jtg-1561 { width:100%;}#jtg-1561 .modula-items{height:800px;}@media screen and (max-width: 992px) {#jtg-1561 .modula-items{height:800px;}}@media screen and (max-width: 768px) {#jtg-1561 .modula-items{height:800px;}}#jtg-1561 .modula-items .figc p.description { font-size:14px; }#jtg-1561 .modula-items .figc p.description { color:#ffffff;}#jtg-1561.modula-gallery .modula-item > a, #jtg-1561.modula-gallery .modula-item, #jtg-1561.modula-gallery .modula-item-content > a:not(.modula-no-follow) { cursor:zoom-in; } #jtg-1561.modula-gallery .modula-item-content .modula-no-follow { cursor: default; } @media screen and (max-width:480px){#jtg-1561 .modula-item .figc .jtg-title {  font-size: 12px; }#jtg-1561 .modula-items .figc p.description { color:#ffffff;font-size:10px; }}#jtg-1561 .modula-items .modula-item:hover img{opacity:1;}<\/style>\n<div  id=\"jtg-1561\" class=\"modula modula-gallery modula-creative-gallery\" data-config=\"{&quot;height&quot;:800,&quot;tabletHeight&quot;:800,&quot;mobileHeight&quot;:800,&quot;desktopHeight&quot;:800,&quot;enableTwitter&quot;:false,&quot;enableWhatsapp&quot;:false,&quot;enableFacebook&quot;:false,&quot;enablePinterest&quot;:false,&quot;enableLinkedin&quot;:false,&quot;enableEmail&quot;:false,&quot;randomFactor&quot;:0,&quot;type&quot;:&quot;creative-gallery&quot;,&quot;columns&quot;:12,&quot;gutter&quot;:20,&quot;mobileGutter&quot;:10,&quot;tabletGutter&quot;:20,&quot;desktopGutter&quot;:20,&quot;enableResponsive&quot;:&quot;0&quot;,&quot;tabletColumns&quot;:2,&quot;mobileColumns&quot;:1,&quot;lazyLoad&quot;:0,&quot;lightboxOpts&quot;:{&quot;animated&quot;:true,&quot;Thumbs&quot;:{&quot;type&quot;:&quot;modern&quot;,&quot;showOnStart&quot;:false},&quot;Toolbar&quot;:{&quot;display&quot;:{&quot;right&quot;:[&quot;close&quot;]},&quot;enabled&quot;:true},&quot;Carousel&quot;:{&quot;Panzoom&quot;:{&quot;touch&quot;:false},&quot;infinite&quot;:false},&quot;keyboard&quot;:{&quot;Escape&quot;:&quot;close&quot;,&quot;Delete&quot;:&quot;close&quot;,&quot;Backspace&quot;:&quot;close&quot;,&quot;PageUp&quot;:false,&quot;PageDown&quot;:false,&quot;ArrowUp&quot;:false,&quot;ArrowDown&quot;:false,&quot;ArrowRight&quot;:false,&quot;ArrowLeft&quot;:false},&quot;touch&quot;:false,&quot;backdropClick&quot;:false,&quot;l10n&quot;:{&quot;CLOSE&quot;:&quot;Close&quot;,&quot;NEXT&quot;:&quot;Next&quot;,&quot;PREV&quot;:&quot;Previous&quot;,&quot;Error&quot;:&quot;The requested content cannot be loaded. Please try again later.&quot;,&quot;PLAY_START&quot;:&quot;Start slideshow&quot;,&quot;PLAY_STOP&quot;:&quot;Pause slideshow&quot;,&quot;FULL_SCREEN&quot;:&quot;Full screen&quot;,&quot;THUMBS&quot;:&quot;Thumbnails&quot;,&quot;DOWNLOAD&quot;:&quot;Download&quot;,&quot;SHARE&quot;:&quot;Share&quot;,&quot;ZOOM&quot;:&quot;Zoom&quot;,&quot;EMAIL&quot;:&quot;Here is the link to the image : %%image_link%% and this is the link to the gallery : %%gallery_link%%&quot;,&quot;MODAL&quot;:&quot;You can close this modal content with the ESC key&quot;,&quot;ERROR&quot;:&quot;Something Went Wrong, Please Try Again Later&quot;,&quot;IMAGE_ERROR&quot;:&quot;Image Not Found&quot;,&quot;ELEMENT_NOT_FOUND&quot;:&quot;HTML Element Not Found&quot;,&quot;AJAX_NOT_FOUND&quot;:&quot;Error Loading AJAX : Not Found&quot;,&quot;AJAX_FORBIDDEN&quot;:&quot;Error Loading AJAX : Forbidden&quot;,&quot;IFRAME_ERROR&quot;:&quot;Error Loading Page&quot;,&quot;TOGGLE_ZOOM&quot;:&quot;Toggle zoom level&quot;,&quot;TOGGLE_THUMBS&quot;:&quot;Toggle thumbnails&quot;,&quot;TOGGLE_SLIDESHOW&quot;:&quot;Toggle slideshow&quot;,&quot;TOGGLE_FULLSCREEN&quot;:&quot;Toggle full-screen mode&quot;},&quot;Images&quot;:{&quot;Panzoom&quot;:{&quot;maxScale&quot;:2}},&quot;mainClass&quot;:&quot;modula-fancybox-container modula-lightbox-jtg-1561&quot;,&quot;Html&quot;:{&quot;videoAutoplay&quot;:0,&quot;videoTpl&quot;:&quot;&lt;video class=\\&quot;fancybox__html5video\\&quot; controls muted playsinline controlsList controlsList=\\&quot;nodownload\\&quot; poster=\\&quot;{{poster}}\\&quot; src=\\&quot;{{src}}\\&quot; type=\\&quot;{{format}}\\&quot; &gt;  Sorry, your browser doesn&#039;t support embedded videos, &lt;a href=\\&quot;{{src}}\\&quot;&gt; download &lt;\\\/a&gt; and watch with your favorite video player! &lt;\\\/video&gt;&quot;}},&quot;inView&quot;:false,&quot;email_subject&quot;:&quot;Check out this awesome image !!&quot;,&quot;email_message&quot;:&quot;Here is the link to the image : %%image_link%% and this is the link to the gallery : %%gallery_link%%&quot;,&quot;lightbox&quot;:&quot;fancybox&quot;}\">\n\n\t\n\t<div  class=\"modula-items\">\n\t\t<div class=\"modula-item\" >\n\t<div class=\"modula-item-content\">\n\t\t\n\t\t\t\t\t<a data-image-id=\"1563\" role=\"button\" tabindex=\"0\" rel=\"jtg-1561\" data-caption=\"\" aria-label=\"Open image in lightbox\" class=\"tile-inner modula-item-link\"><\/a>\n\t\t\n\t\t<img loading=\"lazy\" decoding=\"async\" class=\"pic wp-image-1563\"  data-valign=\"middle\" data-halign=\"center\" alt=\"\" data-full=\"https:\/\/cesalarquitectura.com\/wp-content\/uploads\/2025\/06\/Imagen28.png\" title=\"Imagen28\" width=\"1024\" height=\"457\" src=\"https:\/\/cesalarquitectura.com\/wp-content\/uploads\/2025\/06\/Imagen28-1024x457.png\" data-src=\"https:\/\/cesalarquitectura.com\/wp-content\/uploads\/2025\/06\/Imagen28-1024x457.png\" data-caption=\"\" srcset=\"https:\/\/cesalarquitectura.com\/wp-content\/uploads\/2025\/06\/Imagen28.png 1623w, https:\/\/cesalarquitectura.com\/wp-content\/uploads\/2025\/06\/Imagen28-300x134.png 300w, https:\/\/cesalarquitectura.com\/wp-content\/uploads\/2025\/06\/Imagen28-1024x457.png 1024w, https:\/\/cesalarquitectura.com\/wp-content\/uploads\/2025\/06\/Imagen28-768x343.png 768w, https:\/\/cesalarquitectura.com\/wp-content\/uploads\/2025\/06\/Imagen28-1536x686.png 1536w\" sizes=\"auto, (max-width: 1024px) 100vw, 1024px\" \/>\n\t<\/div>\n\n<\/div><div class=\"modula-item\" >\n\t<div class=\"modula-item-content\">\n\t\t\n\t\t\t\t\t<a data-image-id=\"1564\" role=\"button\" tabindex=\"0\" rel=\"jtg-1561\" data-caption=\"\" aria-label=\"Open image in lightbox\" class=\"tile-inner modula-item-link\"><\/a>\n\t\t\n\t\t<img loading=\"lazy\" decoding=\"async\" class=\"pic wp-image-1564\"  data-valign=\"middle\" data-halign=\"center\" alt=\"\" data-full=\"https:\/\/cesalarquitectura.com\/wp-content\/uploads\/2025\/06\/Imagen29.jpg\" title=\"Imagen29\" width=\"1024\" height=\"749\" src=\"https:\/\/cesalarquitectura.com\/wp-content\/uploads\/2025\/06\/Imagen29-1024x749.jpg\" data-src=\"https:\/\/cesalarquitectura.com\/wp-content\/uploads\/2025\/06\/Imagen29-1024x749.jpg\" data-caption=\"\" srcset=\"https:\/\/cesalarquitectura.com\/wp-content\/uploads\/2025\/06\/Imagen29.jpg 2155w, https:\/\/cesalarquitectura.com\/wp-content\/uploads\/2025\/06\/Imagen29-300x219.jpg 300w, https:\/\/cesalarquitectura.com\/wp-content\/uploads\/2025\/06\/Imagen29-1024x749.jpg 1024w, https:\/\/cesalarquitectura.com\/wp-content\/uploads\/2025\/06\/Imagen29-768x562.jpg 768w, https:\/\/cesalarquitectura.com\/wp-content\/uploads\/2025\/06\/Imagen29-1536x1123.jpg 1536w, https:\/\/cesalarquitectura.com\/wp-content\/uploads\/2025\/06\/Imagen29-2048x1498.jpg 2048w\" sizes=\"auto, (max-width: 1024px) 100vw, 1024px\" \/>\n\t<\/div>\n\n<\/div><div class=\"modula-item\" >\n\t<div class=\"modula-item-content\">\n\t\t\n\t\t\t\t\t<a data-image-id=\"1562\" role=\"button\" tabindex=\"0\" rel=\"jtg-1561\" data-caption=\"\" aria-label=\"Open image in lightbox\" class=\"tile-inner modula-item-link\"><\/a>\n\t\t\n\t\t<img loading=\"lazy\" decoding=\"async\" class=\"pic wp-image-1562\"  data-valign=\"middle\" data-halign=\"center\" alt=\"\" data-full=\"https:\/\/cesalarquitectura.com\/wp-content\/uploads\/2025\/06\/Imagen28.jpg\" title=\"Imagen28\" width=\"1024\" height=\"703\" src=\"https:\/\/cesalarquitectura.com\/wp-content\/uploads\/2025\/06\/Imagen28-1024x703.jpg\" data-src=\"https:\/\/cesalarquitectura.com\/wp-content\/uploads\/2025\/06\/Imagen28-1024x703.jpg\" data-caption=\"\" srcset=\"https:\/\/cesalarquitectura.com\/wp-content\/uploads\/2025\/06\/Imagen28-scaled.jpg 2560w, https:\/\/cesalarquitectura.com\/wp-content\/uploads\/2025\/06\/Imagen28-300x206.jpg 300w, https:\/\/cesalarquitectura.com\/wp-content\/uploads\/2025\/06\/Imagen28-1024x703.jpg 1024w, https:\/\/cesalarquitectura.com\/wp-content\/uploads\/2025\/06\/Imagen28-768x528.jpg 768w, https:\/\/cesalarquitectura.com\/wp-content\/uploads\/2025\/06\/Imagen28-1536x1055.jpg 1536w, https:\/\/cesalarquitectura.com\/wp-content\/uploads\/2025\/06\/Imagen28-2048x1407.jpg 2048w\" sizes=\"auto, (max-width: 1024px) 100vw, 1024px\" \/>\n\t<\/div>\n\n<\/div>\t\t\n\t<\/div>\n\n\t\n\t\n\t<script type=\"application\/ld+json\">\n\t{\n\t\t\"@context\": \"http:\/\/schema.org\",\n\t\t\"@type\"   : \"ImageGallery\",\n\t\t\"id\"      : \"https:\/\/cesalarquitectura.com\/en\/indohacienda\/\",\n\t\t\"url\"     : \"https:\/\/cesalarquitectura.com\/en\/indohacienda\/\"\n\t}\n\n\t<\/script>\n\n\t\n<\/div>\n\n\n\n<div class=\"wp-block-stackable-spacer stk-block-spacer stk--no-padding stk-block stk-86e49e9\" data-block-id=\"86e49e9\"><style>.stk-86e49e9 {height:40px !important;}@media screen and (max-width:999px){.stk-86e49e9 {height:70px !important;}}<\/style><\/div>","protected":false},"excerpt":{"rendered":"<p>Indohacienda Bukkt Munggu, Indonesia Alcances: Dise\u00f1o conceptual y anteproyecto La planta arquitect\u00f3nica presenta un espacio que combina \u00e1reas interiores habitacionales con un entorno exterior dise\u00f1ado para el esparcimiento. El elemento principal es una alberca de forma org\u00e1nica ubicada en el extremo derecho, rodeada por una amplia plataforma tipo deck que conecta distintas zonas del conjunto. [&hellip;]<\/p>","protected":false},"author":1,"featured_media":0,"parent":0,"menu_order":0,"comment_status":"closed","ping_status":"closed","template":"","meta":{"footnotes":""},"class_list":["post-1565","page","type-page","status-publish","hentry"],"blocksy_meta":{"page_title_panel":"","has_hero_section":"disabled","b82da71c36c2bf13d1ba44853ce9ae4f":"","hero_section":"type-1","hero_elements":[{"id":"custom_title","enabled":true,"heading_tag":"h1","title":"Home"},{"id":"custom_description","enabled":true,"description_visibility":{"desktop":true,"tablet":true,"mobile":false}},{"id":"custom_meta","enabled":false,"meta_elements":[{"id":"author","enabled":true,"label":"By","has_author_avatar":"yes","avatar_size":25},{"id":"post_date","enabled":true,"label":"On","date_format_source":"default","date_format":"M j, Y"},{"id":"updated_date","enabled":false,"label":"On","date_format_source":"default","date_format":"M j, Y"},{"id":"categories","enabled":false,"label":"In","style":"simple"},{"id":"comments","enabled":true}],"page_meta_elements":{"joined":true,"articles_count":true,"comments":true}},{"id":"breadcrumbs","enabled":false}],"980b41077093c8c156356697a008eee2":"","hero_alignment1":"CT_CSS_SKIP_RULE","hero_margin":40,"hero_alignment2":"center","hero_vertical_alignment":"center","0d897591070526a3b38ab6081cd5438e":"","hero_structure":"narrow","5180fee15505bdb5430fb66e9de0dde9":"","page_title_bg_type":"featured_image","custom_hero_background":{"attachment_id":null},"page_title_image_size":"full","parallax":{"desktop":false,"tablet":false,"mobile":false},"604952a34aabc2c407db8cfddcde6428":"","hero_height":"250px","pageTitleFont":{"family":"Default","variation":"Default","size":"30px","line-height":"CT_CSS_SKIP_RULE","letter-spacing":"CT_CSS_SKIP_RULE","text-transform":"CT_CSS_SKIP_RULE","text-decoration":"CT_CSS_SKIP_RULE"},"pageTitleFontColor":{"default":{"color":"CT_CSS_SKIP_RULEDEFAULT"}},"pageMetaFont":{"family":"Default","variation":"n6","size":"12px","line-height":"1.3","letter-spacing":"CT_CSS_SKIP_RULE","text-transform":"uppercase","text-decoration":"CT_CSS_SKIP_RULE"},"pageMetaFontColor":{"default":{"color":"CT_CSS_SKIP_RULEDEFAULT"},"hover":{"color":"CT_CSS_SKIP_RULEDEFAULT"}},"page_meta_button_type_font_colors":{"default":{"color":"CT_CSS_SKIP_RULEDEFAULT"},"hover":{"color":"CT_CSS_SKIP_RULEDEFAULT"}},"page_meta_button_type_background_colors":{"default":{"color":"CT_CSS_SKIP_RULEDEFAULT"},"hover":{"color":"CT_CSS_SKIP_RULEDEFAULT"}},"pageExcerptFont":{"family":"Default","variation":"Default","size":"CT_CSS_SKIP_RULE","line-height":"CT_CSS_SKIP_RULE","letter-spacing":"CT_CSS_SKIP_RULE","text-transform":"CT_CSS_SKIP_RULE","text-decoration":"CT_CSS_SKIP_RULE"},"pageExcerptColor":{"default":{"color":"CT_CSS_SKIP_RULEDEFAULT"}},"breadcrumbsFont":{"family":"Default","variation":"Default","size":"CT_CSS_SKIP_RULE","line-height":"CT_CSS_SKIP_RULE","letter-spacing":"CT_CSS_SKIP_RULE","text-transform":"CT_CSS_SKIP_RULE","text-decoration":"CT_CSS_SKIP_RULE"},"breadcrumbsFontColor":{"default":{"color":"CT_CSS_SKIP_RULEDEFAULT"},"initial":{"color":"CT_CSS_SKIP_RULEDEFAULT"},"hover":{"color":"CT_CSS_SKIP_RULEDEFAULT"}},"pageTitleOverlay":{"background_type":"color","background_pattern":"type-1","background_image":{"attachment_id":null,"x":0,"y":0},"gradient":"linear-gradient(135deg,rgba(6,147,227,1) 0%,rgb(155,81,224) 100%)","background_repeat":"repeat","background_size":"auto","background_attachment":"scroll","patternColor":{"default":{"color":"#e5e7ea"}},"overlayColor":{"default":{"color":"CT_CSS_SKIP_RULE"}},"backgroundColor":{"default":{"color":"CT_CSS_SKIP_RULE"}}},"pageTitleBackground":{"background_type":"color","background_pattern":"type-1","background_image":{"attachment_id":null,"x":0,"y":0},"gradient":"linear-gradient(135deg,rgba(6,147,227,1) 0%,rgb(155,81,224) 100%)","background_repeat":"repeat","background_size":"auto","background_attachment":"scroll","patternColor":{"default":{"color":"#e5e7ea"}},"overlayColor":{"default":{"color":"CT_CSS_SKIP_RULE"}},"backgroundColor":{"default":{"color":"var(--theme-palette-color-6)"}}},"pageTitlePadding":{"top":"50px","bottom":"50px","left":"auto","right":"auto","linked":true},"aa8f602cffb377206a8cccc48a43dd92":"","page_structure_type":"default","9bae1d45eda9a9ec6aa0cdfbe023c3f5":"","content_style_source":"inherit","content_style":"wide","vertical_spacing_source":"custom","content_area_spacing":"none","background":{"background_type":"color","background_pattern":"type-1","background_image":{"attachment_id":null,"x":0,"y":0},"gradient":"linear-gradient(135deg,rgba(6,147,227,1) 0%,rgb(155,81,224) 100%)","background_repeat":"repeat","background_size":"auto","background_attachment":"scroll","patternColor":{"default":{"color":"#e5e7ea"}},"overlayColor":{"default":{"color":"CT_CSS_SKIP_RULE"}},"backgroundColor":{"default":{"color":"CT_CSS_SKIP_RULE"}}},"content_background":{"background_type":"color","background_pattern":"type-1","background_image":{"attachment_id":null,"x":0,"y":0},"gradient":"linear-gradient(135deg,rgba(6,147,227,1) 0%,rgb(155,81,224) 100%)","background_repeat":"repeat","background_size":"auto","background_attachment":"scroll","patternColor":{"default":{"color":"#e5e7ea"}},"overlayColor":{"default":{"color":"CT_CSS_SKIP_RULE"}},"backgroundColor":{"default":{"color":"var(--theme-palette-color-8)"}}},"content_boxed_shadow":{"inherit":false,"blur":18,"spread":-6,"v_offset":12,"h_offset":0,"inset":false,"enable":true,"color":{"color":"rgba(34, 56, 101, 0.04)"}},"content_boxed_border":{"width":1,"style":"none","color":{"color":"rgba(44,62,80,0.2)"}},"content_boxed_radius":{"top":"3px","bottom":"3px","left":"3px","right":"3px","linked":true},"boxed_content_spacing":{"desktop":{"top":"40px","bottom":"40px","left":"40px","right":"40px","linked":true},"tablet":{"top":"35px","bottom":"35px","left":"35px","right":"35px","linked":true},"mobile":{"top":"20px","bottom":"20px","left":"20px","right":"20px","linked":true}},"ff8a7de03a9dead2fdffdacf28a592bc":"","disable_featured_image":"no","disable_share_box":"no","disable_header":"no","disable_footer":"no","styles_descriptor":{"styles":{"desktop":"","tablet":"","mobile":""},"google_fonts":[],"version":6}},"_links":{"self":[{"href":"https:\/\/cesalarquitectura.com\/en\/wp-json\/wp\/v2\/pages\/1565","targetHints":{"allow":["GET"]}}],"collection":[{"href":"https:\/\/cesalarquitectura.com\/en\/wp-json\/wp\/v2\/pages"}],"about":[{"href":"https:\/\/cesalarquitectura.com\/en\/wp-json\/wp\/v2\/types\/page"}],"author":[{"embeddable":true,"href":"https:\/\/cesalarquitectura.com\/en\/wp-json\/wp\/v2\/users\/1"}],"replies":[{"embeddable":true,"href":"https:\/\/cesalarquitectura.com\/en\/wp-json\/wp\/v2\/comments?post=1565"}],"version-history":[{"count":5,"href":"https:\/\/cesalarquitectura.com\/en\/wp-json\/wp\/v2\/pages\/1565\/revisions"}],"predecessor-version":[{"id":1753,"href":"https:\/\/cesalarquitectura.com\/en\/wp-json\/wp\/v2\/pages\/1565\/revisions\/1753"}],"wp:attachment":[{"href":"https:\/\/cesalarquitectura.com\/en\/wp-json\/wp\/v2\/media?parent=1565"}],"curies":[{"name":"wp","href":"https:\/\/api.w.org\/{rel}","templated":true}]}}