{"id":1782,"date":"2025-07-01T12:17:44","date_gmt":"2025-07-01T17:17:44","guid":{"rendered":"https:\/\/cesalarquitectura.com\/?page_id=1782"},"modified":"2025-07-01T12:20:39","modified_gmt":"2025-07-01T17:20:39","slug":"aviso-de-privacidad","status":"publish","type":"page","link":"https:\/\/cesalarquitectura.com\/en\/aviso-de-privacidad\/","title":{"rendered":"Privacy notice"},"content":{"rendered":"<div class=\"wp-block-stackable-divider stk-block-divider stk-block stk-4962325\" data-block-id=\"4962325\"><style>.stk-4962325 {margin-bottom:50px !important;}<\/style><hr class=\"stk-block-divider__hr\"\/><\/div>\n\n\n\n<p class=\"has-palette-color-4-color has-text-color has-link-color has-large-font-size wp-elements-b277df919cbcc36dc1b2c799350f85b9\">AVISO DE PRIVACIDAD<br><\/p>\n\n\n\n<p style=\"font-size:clamp(14px, 0.875rem + ((1vw - 3.2px) * 0.078), 15px);\">CESAL Taller de Arquitectura, comercialmente conocido como CESAL, con domicilio en Privada Buho #22, Canc\u00fan, Quintana Roo, es el responsable del uso y protecci\u00f3n de sus datos personales.<br><br>FINALIDADES PRIMARIAS<br>Los datos personales que recabamos de usted, los utilizaremos para las siguientes finalidades que son necesarias para el servicio que solicita:<br><br>\u2022 Respuesta a mensajes del formulario de contacto<br>\u2022 Prestaci\u00f3n de cualquier servicio solicitado<br><br>DATOS PERSONALES RECABADOS<br>Para las finalidades se\u00f1aladas en el presente aviso de privacidad, podemos recabar sus datos de identificaci\u00f3n y contacto.<br><br>DERECHOS ARCO<br>Usted tiene derecho a conocer qu\u00e9 datos personales tenemos de usted, para qu\u00e9 los utilizamos y las condiciones del uso que les damos (Acceso). Asimismo, es su derecho solicitar la correcci\u00f3n de su informaci\u00f3n personal en caso de que est\u00e9 desactualizada, sea inexacta o incompleta (Rectificaci\u00f3n); que la eliminemos de nuestros registros o bases de datos cuando considere que la misma no est\u00e1 siendo utilizada adecuadamente (Cancelaci\u00f3n); as\u00ed como oponerse al uso de sus datos personales para fines espec\u00edficos (Oposici\u00f3n). Estos derechos se conocen como derechos ARCO.<br><br>Para el ejercicio de cualquiera de los derechos ARCO, usted deber\u00e1 presentar la solicitud respectiva a trav\u00e9s de los medios especificados. La respuesta a su solicitud ser\u00e1 atendida en un plazo m\u00e1ximo de 15 d\u00edas h\u00e1biles.<br><br>DATOS RECABADOS POR EL SITIO WEB<br>Nuestro sitio web recaba autom\u00e1ticamente los siguientes datos:<br><br>\u2022 Identificadores, nombre de usuario y contrase\u00f1as de sesi\u00f3n<br><br>CONTACTO<br>Para m\u00e1s informaci\u00f3n sobre este aviso de privacidad, puede contactarnos en:<br><br>Correo electr\u00f3nico: csanchez@cesalarquitectura.com<br>Sitio web: https:\/\/cesalarquitectura.com\/<br><br>\u00daltima actualizaci\u00f3n: 1\/7\/2025<br><br>CESAL Taller de Arquitectura, comercialmente conocido como CESAL, con domicilio en Privada Buho #22, Canc\u00fan, Quintana Roo, es el responsable del uso y protecci\u00f3n de sus datos personales.<br><br>FINALIDADES PRIMARIAS<br>Los datos personales que recabamos de usted, los utilizaremos para las siguientes finalidades que son necesarias para el servicio que solicita:<br><br>\u2022 Respuesta a mensajes del formulario de contacto<br>\u2022 Prestaci\u00f3n de cualquier servicio solicitado<br><br>DATOS PERSONALES RECABADOS<br>Para las finalidades se\u00f1aladas en el presente aviso de privacidad, podemos recabar sus datos de identificaci\u00f3n y contacto.<br><br>DERECHOS ARCO<br>Usted tiene derecho a conocer qu\u00e9 datos personales tenemos de usted, para qu\u00e9 los utilizamos y las condiciones del uso que les damos (Acceso). Asimismo, es su derecho solicitar la correcci\u00f3n de su informaci\u00f3n personal en caso de que est\u00e9 desactualizada, sea inexacta o incompleta (Rectificaci\u00f3n); que la eliminemos de nuestros registros o bases de datos cuando considere que la misma no est\u00e1 siendo utilizada adecuadamente (Cancelaci\u00f3n); as\u00ed como oponerse al uso de sus datos personales para fines espec\u00edficos (Oposici\u00f3n). Estos derechos se conocen como derechos ARCO.<br><br>Para el ejercicio de cualquiera de los derechos ARCO, usted deber\u00e1 presentar la solicitud respectiva a trav\u00e9s de los medios especificados. La respuesta a su solicitud ser\u00e1 atendida en un plazo m\u00e1ximo de 15 d\u00edas h\u00e1biles.<br><br>DATOS RECABADOS POR EL SITIO WEB<br>Nuestro sitio web recaba autom\u00e1ticamente los siguientes datos:<br><br>\u2022 Identificadores, nombre de usuario y contrase\u00f1as de sesi\u00f3n<br><br>CONTACTO<br>Para m\u00e1s informaci\u00f3n sobre este aviso de privacidad, puede contactarnos en:<br><br>Correo electr\u00f3nico: csanchez@cesalarquitectura.com<br>Sitio web: https:\/\/cesalarquitectura.com\/<br><br>\u00daltima actualizaci\u00f3n: 1\/7\/2025<\/p>","protected":false},"excerpt":{"rendered":"<p>AVISO DE PRIVACIDAD CESAL Taller de Arquitectura, comercialmente conocido como CESAL, con domicilio en Privada Buho #22, Canc\u00fan, Quintana Roo, es el responsable del uso y protecci\u00f3n de sus datos personales. FINALIDADES PRIMARIASLos datos personales que recabamos de usted, los utilizaremos para las siguientes finalidades que son necesarias para el servicio que solicita: \u2022 Respuesta [&hellip;]<\/p>","protected":false},"author":1,"featured_media":0,"parent":0,"menu_order":0,"comment_status":"closed","ping_status":"closed","template":"","meta":{"footnotes":""},"class_list":["post-1782","page","type-page","status-publish","hentry"],"blocksy_meta":{"has_hero_section":"enabled","styles_descriptor":{"styles":{"desktop":"[data-prefix=\"single_page\"] .entry-header .page-title {--theme-font-size:30px;} [data-prefix=\"single_page\"] .entry-header .entry-meta {--theme-font-weight:600;--theme-text-transform:uppercase;--theme-font-size:12px;--theme-line-height:1.3;}","tablet":"","mobile":""},"google_fonts":[],"version":6},"hero_elements":[{"id":"custom_title","enabled":false,"heading_tag":"h1","title":"Inicio","__id":"L-be9QfV8zIlqLTwrGRam"},{"id":"custom_description","enabled":false,"description_visibility":{"desktop":true,"tablet":true,"mobile":false},"__id":"6RK0R6c6eOcqBOBCLX4mg"},{"id":"custom_meta","enabled":false,"meta_elements":[{"id":"author","enabled":true,"label":"Por","has_author_avatar":"yes","avatar_size":25},{"id":"post_date","enabled":true,"label":"El","date_format_source":"default","date_format":"M j, Y"},{"id":"updated_date","enabled":false,"label":"El","date_format_source":"default","date_format":"M j, Y"},{"id":"categories","enabled":false,"label":"En","style":"simple"},{"id":"comments","enabled":true}],"page_meta_elements":{"joined":true,"articles_count":true,"comments":true},"__id":"qdmzq6FUjTm30rvYCFfrb"},{"id":"breadcrumbs","enabled":false,"__id":"HZt1Y3AYqU_a0-IWizBns"}]},"_links":{"self":[{"href":"https:\/\/cesalarquitectura.com\/en\/wp-json\/wp\/v2\/pages\/1782","targetHints":{"allow":["GET"]}}],"collection":[{"href":"https:\/\/cesalarquitectura.com\/en\/wp-json\/wp\/v2\/pages"}],"about":[{"href":"https:\/\/cesalarquitectura.com\/en\/wp-json\/wp\/v2\/types\/page"}],"author":[{"embeddable":true,"href":"https:\/\/cesalarquitectura.com\/en\/wp-json\/wp\/v2\/users\/1"}],"replies":[{"embeddable":true,"href":"https:\/\/cesalarquitectura.com\/en\/wp-json\/wp\/v2\/comments?post=1782"}],"version-history":[{"count":6,"href":"https:\/\/cesalarquitectura.com\/en\/wp-json\/wp\/v2\/pages\/1782\/revisions"}],"predecessor-version":[{"id":1788,"href":"https:\/\/cesalarquitectura.com\/en\/wp-json\/wp\/v2\/pages\/1782\/revisions\/1788"}],"wp:attachment":[{"href":"https:\/\/cesalarquitectura.com\/en\/wp-json\/wp\/v2\/media?parent=1782"}],"curies":[{"name":"wp","href":"https:\/\/api.w.org\/{rel}","templated":true}]}}